{"id":1349,"date":"2015-10-12T17:10:21","date_gmt":"2015-10-12T15:10:21","guid":{"rendered":"http:\/\/waldkritik.de\/?page_id=1349"},"modified":"2015-10-12T17:15:46","modified_gmt":"2015-10-12T15:15:46","slug":"wetter-zum-jahresende","status":"publish","type":"page","link":"https:\/\/waldkritik.de\/?page_id=1349","title":{"rendered":"Wetter zum Jahresende:"},"content":{"rendered":"<h1>Das bringen November und Dezember<\/h1>\n<h3>November mit gro\u00dfem W\u00e4rme\u00fcberschuss europaweit<\/h3>\n<h3><a href=\"https:\/\/waldkritik.de\/wp-content\/uploads\/2015\/10\/NOAA_1.jpg\"><img loading=\"lazy\" decoding=\"async\" class=\"size-medium wp-image-1351 alignnone\" src=\"https:\/\/waldkritik.de\/wp-content\/uploads\/2015\/10\/NOAA_1-300x169.jpg\" alt=\"NOAA_1\" width=\"300\" height=\"169\" srcset=\"https:\/\/waldkritik.de\/wp-content\/uploads\/2015\/10\/NOAA_1-300x169.jpg 300w, https:\/\/waldkritik.de\/wp-content\/uploads\/2015\/10\/NOAA_1.jpg 348w\" sizes=\"auto, (max-width: 300px) 100vw, 300px\" \/><\/a><\/h3>\n<p>Die Langfristprognosen der amerikanischen Wetterbeh\u00f6rde National Oceanic and Atmospheric Administration (NOAA) verraten uns, wie der Start in den Winter 2015 aussehen kann.<\/p>\n<p>F\u00fcr den November (Bild links) berechnet die NOAA in dieser Woche wieder mehr \u00fcberdurchschnittlich hohe Temperaturen f\u00fcr weite Teile Europas. Die st\u00e4rkeren Abweichungen ins Warme haben sich vergr\u00f6\u00dfert und es gibt es f\u00fcr Nordosteuropa (Fl\u00e4che ist in etwa gleichgeblieben) und f\u00fcr Mittel- und Westeuropa (Fl\u00e4che hat sich vergr\u00f6\u00dfert) bis zu +2 Grad Abweichungen. Selbst f\u00fcr die Iberische Halbinsel und Frankreich sowie f\u00fcr die s\u00fcdlichen Teile der Britischen Inseln werden wieder h\u00f6here Temperaturabweichungen berechnet. Auch Deutschland, \u00d6sterreich und die Schweiz sind fast komplett so \u00fcberm\u00e4\u00dfig warm gerechnet worden. Extrem positive Abweichungen von \u00fcber 4 Grad werden weiter f\u00fcr Spitzbergen berechnet.<\/p>\n<p>Negative, sprich Abweichungen ins Kalte, haben sich im November jetzt wieder etwas zur\u00fcck gezogen. Nur rund ums Schwarze Meer sind etwas negative Anomalien berechnet worden.<\/p>\n<p><a href=\"https:\/\/waldkritik.de\/wp-content\/uploads\/2015\/10\/NOAA_2.jpg\"><img loading=\"lazy\" decoding=\"async\" class=\"size-medium wp-image-1350 alignnone\" src=\"https:\/\/waldkritik.de\/wp-content\/uploads\/2015\/10\/NOAA_2-300x169.jpg\" alt=\"NOAA_2\" width=\"300\" height=\"169\" srcset=\"https:\/\/waldkritik.de\/wp-content\/uploads\/2015\/10\/NOAA_2-300x169.jpg 300w, https:\/\/waldkritik.de\/wp-content\/uploads\/2015\/10\/NOAA_2.jpg 348w\" sizes=\"auto, (max-width: 300px) 100vw, 300px\" \/><\/a><\/p>\n<h3>Noch mehr W\u00e4rme auch im Dezember<\/h3>\n<p>Die Abweichungen im Dezember (Bild rechts) sind positiv und zum Teil weiter sehr extrem. Von Nordosteuropa \u00fcber Mitteleuropa bis nach S\u00fcdwesteuropa und sogar bis in den Nordwesten Afrikas sind positive Abweichungen von 2 Grad die Regel. In Finnland und Russland ist das Gebiet von bis zu 3 Grad wieder stark angewachsen. Einen absoluten W\u00e4rme\u00fcberschuss von 3 bis 4 Grad gibt es wie im November auch im Dezember \u00fcber Spitzbergen, auch wenn er nicht mehr so krass ausf\u00e4llt wie in der letzten Woche.<\/p>\n<p>Das Fazit ist das gleiche wie in der letzten Woche: Der Winter hat nach diesen Berechnungen bis zum Jahresende keine Chance, sich l\u00e4ngerfristig bei uns einnisten zu k\u00f6nnen. Selbst f\u00fcr die Mittelgebirge sieht es danach nicht gut aus.<\/p>\n<p>Bei diesen Auswertungen muss man beachten, dass hier nicht das Wetter, sondern nur die Temperaturabweichung vom langj\u00e4hrigen Mittel prognostiziert wird. Selbst Werte im Normalbereich k\u00f6nnen durchaus Tage mit Extremen bedeuten, im Fall des Winters also sowohl sonnige und frostige Tage als auch pl\u00f6tzliche nasskalte Phasen. Diese Langfristprognose wird einmal die Woche aktualisiert.<\/p>\n<p>Quelle: NOAA<\/p>\n","protected":false},"excerpt":{"rendered":"<p>Das bringen November und Dezember November mit gro\u00dfem W\u00e4rme\u00fcberschuss europaweit Die Langfristprognosen der amerikanischen Wetterbeh\u00f6rde National Oceanic and Atmospheric Administration (NOAA) verraten uns, wie der Start in den Winter 2015 aussehen kann. F\u00fcr den November (Bild links) berechnet die NOAA in dieser Woche wieder mehr \u00fcberdurchschnittlich hohe Temperaturen f\u00fcr weite Teile Europas. Die st\u00e4rkeren Abweichungen &hellip; <a href=\"https:\/\/waldkritik.de\/?page_id=1349\" class=\"more-link\"><span class=\"screen-reader-text\">Wetter zum Jahresende:<\/span> weiterlesen <span class=\"meta-nav\">&rarr;<\/span><\/a><\/p>\n","protected":false},"author":1,"featured_media":0,"parent":0,"menu_order":0,"comment_status":"closed","ping_status":"closed","template":"","meta":{"footnotes":""},"class_list":["post-1349","page","type-page","status-publish","hentry"],"_links":{"self":[{"href":"https:\/\/waldkritik.de\/index.php?rest_route=\/wp\/v2\/pages\/1349","targetHints":{"allow":["GET"]}}],"collection":[{"href":"https:\/\/waldkritik.de\/index.php?rest_route=\/wp\/v2\/pages"}],"about":[{"href":"https:\/\/waldkritik.de\/index.php?rest_route=\/wp\/v2\/types\/page"}],"author":[{"embeddable":true,"href":"https:\/\/waldkritik.de\/index.php?rest_route=\/wp\/v2\/users\/1"}],"replies":[{"embeddable":true,"href":"https:\/\/waldkritik.de\/index.php?rest_route=%2Fwp%2Fv2%2Fcomments&post=1349"}],"version-history":[{"count":3,"href":"https:\/\/waldkritik.de\/index.php?rest_route=\/wp\/v2\/pages\/1349\/revisions"}],"predecessor-version":[{"id":1355,"href":"https:\/\/waldkritik.de\/index.php?rest_route=\/wp\/v2\/pages\/1349\/revisions\/1355"}],"wp:attachment":[{"href":"https:\/\/waldkritik.de\/index.php?rest_route=%2Fwp%2Fv2%2Fmedia&parent=1349"}],"curies":[{"name":"wp","href":"https:\/\/api.w.org\/{rel}","templated":true}]}}